{"id":61,"date":"2022-07-11T09:17:48","date_gmt":"2022-07-11T09:17:48","guid":{"rendered":"https:\/\/cde.upc.edu\/?page_id=61"},"modified":"2026-04-07T19:05:15","modified_gmt":"2026-04-07T19:05:15","slug":"prestec-material","status":"publish","type":"page","link":"https:\/\/cde.upc.edu\/index.php\/prestec-material\/","title":{"rendered":"Pr\u00e9stec Material"},"content":{"rendered":"\n<p>El CdE disposa de <strong>material de pr\u00e9stec gratu\u00eft per a associacions, delegacions o entitats de la UPC<\/strong>. Per a poder gaudir d&#8217;aquest, l&#8217;activitat ha d&#8217;estar destinada als estudiants i membres de la UPC i no ser de car\u00e0cter privat. El pr\u00e9stec d&#8217;aquest material est\u00e0 sotm\u00e8s al compliment del codi de bones pr\u00e0ctiques del material del CdE, veure m\u00e9s avall.<\/p>\n\n\n\n<p>Per a fer la reserva,<strong> \u00e9s imprescindible<\/strong> enviar per correu electr\u00f2nic a <a href=\"mailto:consell.estudiantat@upc.edu\">consell.estudiantat@upc.edu<\/a> com a m\u00ednim una setmana abans amb les dades del solicitant, enviant el contracte de responsabilitat omplert (us el podeu descarregar en aquesta p\u00e0gina).<\/p>\n\n\n\n<p><strong><mark style=\"background-color:rgba(0, 0, 0, 0)\" class=\"has-inline-color has-vivid-cyan-blue-color\">Material del que disposem<\/mark><\/strong><\/p>\n\n\n\n<div class=\"wp-block-columns is-layout-flex wp-container-core-columns-is-layout-28f84493 wp-block-columns-is-layout-flex\">\n<div class=\"wp-block-column is-layout-flow wp-block-column-is-layout-flow\">\n<div class=\"wp-block-aab-accordion-block aab__accordion_container  accessibilityOn\" style=\"margin-top:0px;margin-bottom:15px;border:1px solid #bcb6b638\" id=\"aab_accordion_3c4040e7\" role=\"button\" aria-expanded=\"false\" tabindex=\"0\"><div class=\"aab__accordion_head aab_right_icon \" style=\"background-color:#bcb6b638;border-top:none;border-right:none;border-bottom:none;border-left:none\"><div class=\"aab__accordion_heading aab_right_icon aab_right_link\"><div class=\"head_content_wrapper\"><div class=\"title_wrapper\"><h5 class=\"aab__accordion_title\" style=\"margin:0\">Equip de So<\/h5><\/div><\/div><\/div><div class=\"aab__accordion_icon\" style=\"border:0px solid transparent\"><span class=\"aab__icon dashicons dashicons-plus-alt2\" style=\"font-size:23px\"><\/span><\/div><\/div><div class=\"aab__accordion_body  \" role=\"region\" style=\"display:none;border-top:1px solid #bcb6b638;border-right:none;border-bottom:none;border-left:none\"><div class=\"aab__accordion_component\">\n<p><strong>Altaveus<\/strong><\/p>\n\n\n\n<ul class=\"wp-block-list\">\n<li>2 Bafle JBL 250W<\/li>\n\n\n\n<li>2 Yamaha DXR13<\/li>\n\n\n\n<li>2 Yamaha DXR15<\/li>\n\n\n\n<li>2 Yamaha passius 600i<\/li>\n\n\n\n<li>3 Ld Systems Chivatos&nbsp;<\/li>\n<\/ul>\n\n\n\n<p><strong>Amplificacors<\/strong><\/p>\n\n\n\n<ul class=\"wp-block-list\">\n<li>2 Fender Frontman de Guitarra<\/li>\n\n\n\n<li>2 Ashdown de Baix<\/li>\n<\/ul>\n\n\n\n<p><strong>Micr\u00f2fons<\/strong><\/p>\n\n\n\n<ul class=\"wp-block-list\">\n<li>3 Shure SM58 de veu<\/li>\n\n\n\n<li>2 Shure SM57 de bateria<\/li>\n\n\n\n<li>&nbsp;Shure SM56A de guitarra<\/li>\n<\/ul>\n\n\n\n<p><strong>Taules de So<\/strong><\/p>\n\n\n\n<ul class=\"wp-block-list\">\n<li>Caixa Rack Completa<\/li>\n\n\n\n<li>Yamaha Behrnger X1222USB<\/li>\n<\/ul>\n\n\n\n<p><strong>Tr\u00edpodes<\/strong><\/p>\n\n\n\n<ul class=\"wp-block-list\">\n<li>Tripodes de Girafa<\/li>\n\n\n\n<li>Tripodes d\u2019altaveu<\/li>\n\n\n\n<li>Suports per a guitarra<\/li>\n<\/ul>\n\n\n\n<p><strong>Cablejat<\/strong><\/p>\n\n\n\n<ul class=\"wp-block-list\">\n<li>Tot el que es pot necessitar<\/li>\n<\/ul>\n<\/div><\/div><\/div>\n<\/div>\n\n\n\n<div class=\"wp-block-column is-layout-flow wp-block-column-is-layout-flow\">\n<div class=\"wp-block-aab-accordion-block aab__accordion_container  accessibilityOn\" style=\"margin-top:0px;margin-bottom:15px;border:1px solid #bcb6b638\" id=\"aab_accordion_66f48dc7\" role=\"button\" aria-expanded=\"false\" tabindex=\"0\"><div class=\"aab__accordion_head aab_right_icon \" style=\"background-color:#bcb6b638;border-top:none;border-right:none;border-bottom:none;border-left:none\"><div class=\"aab__accordion_heading aab_right_icon aab_right_link\"><div class=\"head_content_wrapper\"><div class=\"title_wrapper\"><h5 class=\"aab__accordion_title\" style=\"margin:0\">Altres equips en pr\u00e9stec<\/h5><\/div><\/div><\/div><div class=\"aab__accordion_icon\" style=\"border:0px solid transparent\"><span class=\"aab__icon dashicons dashicons-plus-alt2\" style=\"font-size:23px\"><\/span><\/div><\/div><div class=\"aab__accordion_body  \" role=\"region\" style=\"display:none;border-top:1px solid #bcb6b638;border-right:none;border-bottom:none;border-left:none\"><div class=\"aab__accordion_component\">\n<ul class=\"wp-block-list\">\n<li><strong>Walkie talkies<\/strong>\n<ul class=\"wp-block-list\">\n<li>10 unitats amb bases de c\u00e0rrega i auriculars<\/li>\n<\/ul>\n<\/li>\n\n\n\n<li><strong>C\u00e0mera Reflex<\/strong>\n<ul class=\"wp-block-list\">\n<li>C\u00e0mera Canon model EOS 100D amb motxilla<\/li>\n<\/ul>\n<\/li>\n\n\n\n<li><strong>Projector<\/strong>\n<ul class=\"wp-block-list\">\n<li>Projector model Benq MX704\/MW705 Digital Projector<\/li>\n<\/ul>\n<\/li>\n\n\n\n<li><strong>Carpes<\/strong>\n<ul class=\"wp-block-list\">\n<li>12 carpes Yahetech blaves + funda<\/li>\n\n\n\n<li>3 carpes blaves<\/li>\n<\/ul>\n<\/li>\n<\/ul>\n<\/div><\/div><\/div>\n<\/div>\n<\/div>\n\n\n\n<p><strong><mark style=\"background-color:rgba(0, 0, 0, 0)\" class=\"has-inline-color has-vivid-cyan-blue-color\">Codi de Bones Pr\u00e0ctiques<\/mark><\/strong><\/p>\n\n\n\n<div class=\"wp-block-columns is-layout-flex wp-container-core-columns-is-layout-28f84493 wp-block-columns-is-layout-flex\">\n<div class=\"wp-block-column is-layout-flow wp-block-column-is-layout-flow\">\n<p>Llegiu-lo abans de procedir amb la reserva.  <\/p>\n<\/div>\n<\/div>\n\n\n\n<div data-wp-interactive=\"core\/file\" class=\"wp-block-file\"><object data-wp-bind--hidden=\"!state.hasPdfPreview\" hidden class=\"wp-block-file__embed\" data=\"https:\/\/cde.upc.edu\/wp-content\/uploads\/2026\/04\/CdE-Codi-de-bones-practiques-inventari-i-regim-penalitzador-de-lequip-de-so-i-les-carpes.docx_compressed.pdf\" type=\"application\/pdf\" style=\"width:100%;height:600px\" aria-label=\"Incrustado de [CdE] - Codi de bones pr\u00e0ctiques, inventari i r\u00e8gim penalitzador de l&apos;equip de so i les carpes.docx_compressed.\"><\/object><a id=\"wp-block-file--media-4062d467-5785-428f-b0b8-b6590d2cdc4e\" href=\"https:\/\/cde.upc.edu\/wp-content\/uploads\/2026\/04\/CdE-Codi-de-bones-practiques-inventari-i-regim-penalitzador-de-lequip-de-so-i-les-carpes.docx_compressed.pdf\">[CdE] &#8211; Codi de bones pr\u00e0ctiques, inventari i r\u00e8gim penalitzador de l&#8217;equip de so i les carpes.docx_compressed<\/a><a href=\"https:\/\/cde.upc.edu\/wp-content\/uploads\/2026\/04\/CdE-Codi-de-bones-practiques-inventari-i-regim-penalitzador-de-lequip-de-so-i-les-carpes.docx_compressed.pdf\" class=\"wp-block-file__button wp-element-button\" download aria-describedby=\"wp-block-file--media-4062d467-5785-428f-b0b8-b6590d2cdc4e\">Descarga<\/a><\/div>\n\n\n\n<div class=\"wp-block-columns is-layout-flex wp-container-core-columns-is-layout-28f84493 wp-block-columns-is-layout-flex\">\n<div class=\"wp-block-column is-layout-flow wp-block-column-is-layout-flow\" style=\"flex-basis:66.66%\">\n<p><strong><mark style=\"background-color:rgba(0, 0, 0, 0)\" class=\"has-inline-color has-vivid-cyan-blue-color\">Reserva i contracte de responsabilitat<\/mark><\/strong><\/p>\n\n\n\n<p>Estem actualment en proc\u00e9s d&#8217;inventari i de migraci\u00f3 de la web, i hi ha material llistat del qual ja no disposem, i tamb\u00e9 tenim material nou no classificat.<\/p>\n\n\n\n<p>Podeu consultar-nos i indicar les vostres necessitats a consell.estudiantat@upc.edu i us indicarem com procedir.<\/p>\n<\/div>\n<\/div>\n\n\n\n<p>Perdoneu les mol\u00e8sties.<\/p>\n\n\n\n<p><\/p>\n","protected":false},"excerpt":{"rendered":"<p>El CdE disposa de material de pr\u00e9stec gratu\u00eft per a associacions, delegacions o entitats de la UPC. Per a poder gaudir d&#8217;aquest, l&#8217;activitat ha d&#8217;estar destinada als estudiants i membres &hellip; <\/p>\n<p class=\"link-more\"><a href=\"https:\/\/cde.upc.edu\/index.php\/prestec-material\/\" class=\"more-link\">Leer m\u00e1s<span class=\"screen-reader-text\"> \u00abPr\u00e9stec Material\u00bb<\/span><\/a><\/p>\n","protected":false},"author":1,"featured_media":0,"parent":0,"menu_order":0,"comment_status":"closed","ping_status":"closed","template":"","meta":{"footnotes":""},"class_list":["post-61","page","type-page","status-publish","hentry"],"featured_media_urls":[],"_links":{"self":[{"href":"https:\/\/cde.upc.edu\/index.php\/wp-json\/wp\/v2\/pages\/61","targetHints":{"allow":["GET"]}}],"collection":[{"href":"https:\/\/cde.upc.edu\/index.php\/wp-json\/wp\/v2\/pages"}],"about":[{"href":"https:\/\/cde.upc.edu\/index.php\/wp-json\/wp\/v2\/types\/page"}],"author":[{"embeddable":true,"href":"https:\/\/cde.upc.edu\/index.php\/wp-json\/wp\/v2\/users\/1"}],"replies":[{"embeddable":true,"href":"https:\/\/cde.upc.edu\/index.php\/wp-json\/wp\/v2\/comments?post=61"}],"version-history":[{"count":20,"href":"https:\/\/cde.upc.edu\/index.php\/wp-json\/wp\/v2\/pages\/61\/revisions"}],"predecessor-version":[{"id":1201,"href":"https:\/\/cde.upc.edu\/index.php\/wp-json\/wp\/v2\/pages\/61\/revisions\/1201"}],"wp:attachment":[{"href":"https:\/\/cde.upc.edu\/index.php\/wp-json\/wp\/v2\/media?parent=61"}],"curies":[{"name":"wp","href":"https:\/\/api.w.org\/{rel}","templated":true}]}}