{"id":59,"date":"2022-07-11T09:17:48","date_gmt":"2022-07-11T09:17:48","guid":{"rendered":"https:\/\/cde.upc.edu\/?page_id=59"},"modified":"2026-04-26T21:14:49","modified_gmt":"2026-04-26T21:14:49","slug":"cap","status":"publish","type":"page","link":"https:\/\/cde.upc.edu\/index.php\/cap\/","title":{"rendered":"Convocat\u00f2ria d&#8217;Ajuts a Projectes del CdE &#8211; CAP 2026"},"content":{"rendered":"\n<div style=\"height:100px\" aria-hidden=\"true\" class=\"wp-block-spacer\"><\/div>\n\n\n\n<p>La convocat\u00f2ria d\u2019ajuts del Consell de l\u2019Estudiantat (CdE) per a projectes culturals o educatius \u00e9s una eina que vol fomentar la participaci\u00f3 de l\u2019estudiantat en la vida universit\u00e0ria de la UPC. Aquesta convocat\u00f2ria estableix uns criteris i pautes qu\u00e8 pretenen afavorir determinades actuacions que es consideren estrat\u00e8giques, diversificant d\u2019aquesta manera la vida universit\u00e0ria als campus universitaris de la UPC.<\/p>\n\n\n\n<p>Poden optar als ajuts atorgats en el marc d\u2019aquesta convocat\u00f2ria totes les delegacions d\u2019estudiants de la UPC, les associacions d\u2019estudiants de la UPC i grups d\u2019estudiants i estudiantes amb matr\u00edcula en vigor en estudis oficials de la UPC (graus, estudis de segon cicle o m\u00e0sters). Els projectes impulsats en el marc d\u2019aquesta convocat\u00f2ria seran finan\u00e7ats a c\u00e0rrec del pressupost del Consell de l\u2019Estudiantat (CdE).<\/p>\n\n\n\n<p><strong>El termini de presentaci\u00f3 de sol\u00b7licituds finalitza el 23 de maig de 2026.<\/strong><\/p>\n\n\n\n<p>La resoluci\u00f3 de les CAP del 2026 es troba en el seg\u00fcent document:<\/p>\n\n\n\n<div data-wp-interactive=\"core\/file\" class=\"wp-block-file\"><object data-wp-bind--hidden=\"!state.hasPdfPreview\" hidden class=\"wp-block-file__embed\" data=\"https:\/\/cde.upc.edu\/wp-content\/uploads\/2026\/04\/BASES_CAP_2026.pdf\" type=\"application\/pdf\" style=\"width:100%;height:600px\" aria-label=\"Incrustado de BASES_CAP_2026.\"><\/object><a id=\"wp-block-file--media-e1379045-dea2-4fb6-aa27-6a0133c16e89\" href=\"https:\/\/cde.upc.edu\/wp-content\/uploads\/2026\/04\/BASES_CAP_2026.pdf\">BASES_CAP_2026<\/a><a href=\"https:\/\/cde.upc.edu\/wp-content\/uploads\/2026\/04\/BASES_CAP_2026.pdf\" class=\"wp-block-file__button wp-element-button\" download aria-describedby=\"wp-block-file--media-e1379045-dea2-4fb6-aa27-6a0133c16e89\">Descarga<\/a><\/div>\n\n\n\n<p>Per poder optar als ajuts cal que l&#8217;associaci\u00f3 o delegaci\u00f3 envi\u00ef un correu adjuntant tots els documents emplenats i amb assumpte <strong>[NOM_ASSOCI\u00d3\/DELEGACI\u00d3]-Sol\u00b7licitud CAP2026<\/strong><\/p>\n\n\n\n<p>En el seg\u00fcent enlla\u00e7 es pot descarregar tota la documentaci\u00f3 necess\u00e0ria: <a href=\"https:\/\/cde.upc.edu\/wp-content\/uploads\/2026\/04\/documentacio_CAP2026_CdE.zip\" data-type=\"link\" data-id=\"https:\/\/cde.upc.edu\/wp-content\/uploads\/2026\/04\/documentacio_CAP2026_CdE.zip\">Descarregar documents<\/a><\/p>\n\n\n\n<div style=\"height:68px\" aria-hidden=\"true\" class=\"wp-block-spacer\"><\/div>\n\n\n\n<p>Qualsevol dubte podeu contactar-nos a trav\u00e9s del correu <a href=\"mailto:consell.estudiantat@upc.edu\">consell.estudiantat@upc.edu<\/a>.<\/p>\n\n\n\n<p><\/p>\n\n\n\n<p><\/p>\n","protected":false},"excerpt":{"rendered":"<p>La convocat\u00f2ria d\u2019ajuts del Consell de l\u2019Estudiantat (CdE) per a projectes culturals o educatius \u00e9s una eina que vol fomentar la participaci\u00f3 de l\u2019estudiantat en la vida universit\u00e0ria de la &hellip; <\/p>\n<p class=\"link-more\"><a href=\"https:\/\/cde.upc.edu\/index.php\/cap\/\" class=\"more-link\">Leer m\u00e1s<span class=\"screen-reader-text\"> \u00abConvocat\u00f2ria d&#8217;Ajuts a Projectes del CdE &#8211; CAP 2026\u00bb<\/span><\/a><\/p>\n","protected":false},"author":1,"featured_media":0,"parent":0,"menu_order":0,"comment_status":"closed","ping_status":"closed","template":"","meta":{"footnotes":""},"class_list":["post-59","page","type-page","status-publish","hentry"],"featured_media_urls":[],"_links":{"self":[{"href":"https:\/\/cde.upc.edu\/index.php\/wp-json\/wp\/v2\/pages\/59","targetHints":{"allow":["GET"]}}],"collection":[{"href":"https:\/\/cde.upc.edu\/index.php\/wp-json\/wp\/v2\/pages"}],"about":[{"href":"https:\/\/cde.upc.edu\/index.php\/wp-json\/wp\/v2\/types\/page"}],"author":[{"embeddable":true,"href":"https:\/\/cde.upc.edu\/index.php\/wp-json\/wp\/v2\/users\/1"}],"replies":[{"embeddable":true,"href":"https:\/\/cde.upc.edu\/index.php\/wp-json\/wp\/v2\/comments?post=59"}],"version-history":[{"count":14,"href":"https:\/\/cde.upc.edu\/index.php\/wp-json\/wp\/v2\/pages\/59\/revisions"}],"predecessor-version":[{"id":1217,"href":"https:\/\/cde.upc.edu\/index.php\/wp-json\/wp\/v2\/pages\/59\/revisions\/1217"}],"wp:attachment":[{"href":"https:\/\/cde.upc.edu\/index.php\/wp-json\/wp\/v2\/media?parent=59"}],"curies":[{"name":"wp","href":"https:\/\/api.w.org\/{rel}","templated":true}]}}